{"id":113,"date":"2015-02-09T15:09:40","date_gmt":"2015-02-09T15:09:40","guid":{"rendered":"http:\/\/lalarebelo.brownsugarbear.com\/anuncie-aqui-2\/"},"modified":"2015-05-18T13:09:34","modified_gmt":"2015-05-18T18:09:34","slug":"anuncie-aqui","status":"publish","type":"page","link":"https:\/\/lalarebelo.dreamhosters.com\/es\/anuncie-aqui\/","title":{"rendered":"Anuncia aqui"},"content":{"rendered":"<p>El p\u00fablico del blog es joven, le gusta viajar y est\u00e1 buscando por informaci\u00f3n detallada acerca de los destinos. Adem\u00e1s de consejos pr\u00e1cticos, busca por experiencias \u201cm\u00e1s all\u00e1 de lo obvio\u201d para complementar su etiner\u00e1rio. Muchos lectores dicen que se sienten inspirados por las fotos y textos y que, despu\u00e9s de leer un post aqu\u00ed, se animan para organizar el pr\u00f3ximo viaje.<\/p>\n<p>Si desea promocionar su marca directamente para esta audiencia, escriba para: <a href=\"mailto:hello@lalarebelo.com\">hello@lalarebelo.com<\/a><\/p>\n<p>Gracias, Lala Rebelo<\/p>\n","protected":false},"excerpt":{"rendered":"<p>El p\u00fablico del blog es joven, le gusta viajar y est\u00e1 buscando por informaci\u00f3n detallada acerca de los destinos. Adem\u00e1s de consejos pr\u00e1cticos, busca por [&hellip;]<\/p>\n","protected":false},"author":1,"featured_media":0,"parent":0,"menu_order":0,"comment_status":"closed","ping_status":"open","template":"","meta":{"footnotes":""},"class_list":["post-113","page","type-page","status-publish","hentry"],"_links":{"self":[{"href":"https:\/\/lalarebelo.dreamhosters.com\/es\/wp-json\/wp\/v2\/pages\/113\/"}],"collection":[{"href":"https:\/\/lalarebelo.dreamhosters.com\/es\/wp-json\/wp\/v2\/pages\/"}],"about":[{"href":"https:\/\/lalarebelo.dreamhosters.com\/es\/wp-json\/wp\/v2\/types\/page\/"}],"author":[{"embeddable":true,"href":"https:\/\/lalarebelo.dreamhosters.com\/es\/wp-json\/wp\/v2\/users\/1\/"}],"replies":[{"embeddable":true,"href":"https:\/\/lalarebelo.dreamhosters.com\/es\/wp-json\/wp\/v2\/comments\/?post=113"}],"version-history":[{"count":5,"href":"https:\/\/lalarebelo.dreamhosters.com\/es\/wp-json\/wp\/v2\/pages\/113\/revisions\/"}],"predecessor-version":[{"id":13259,"href":"https:\/\/lalarebelo.dreamhosters.com\/es\/wp-json\/wp\/v2\/pages\/113\/revisions\/13259\/"}],"wp:attachment":[{"href":"https:\/\/lalarebelo.dreamhosters.com\/es\/wp-json\/wp\/v2\/media\/?parent=113"}],"curies":[{"name":"wp","href":"https:\/\/api.w.org\/{rel}","templated":true}]}}