{"id":109,"date":"2015-02-09T15:09:29","date_gmt":"2015-02-09T20:09:29","guid":{"rendered":"http:\/\/lalarebelo.brownsugarbear.com\/consultoria-de-viagem-2\/"},"modified":"2015-07-29T23:09:27","modified_gmt":"2015-07-30T04:09:27","slug":"roteirospersonalizados","status":"publish","type":"page","link":"https:\/\/lalarebelo.dreamhosters.com\/en\/roteirospersonalizados\/","title":{"rendered":"Roteiros personalizados"},"content":{"rendered":"<p>Est\u00e1 precisando de uma forcinha para organizar sua pro\u0301xima viagem?\u00a0Eu posso te ajudar!<\/p>\n<p><img loading=\"lazy\" decoding=\"async\" class=\"alignright wp-image-16056\" src=\"https:\/\/lalarebelo.dreamhosters.com\/wp-content\/uploads\/2015\/02\/roteiros-dois-livrinhos-274x300.png\" alt=\"roteiros dois livrinhos\" width=\"300\" height=\"329\" srcset=\"https:\/\/lalarebelo.dreamhosters.com\/wp-content\/uploads\/2015\/02\/roteiros-dois-livrinhos-274x300.png 274w, https:\/\/lalarebelo.dreamhosters.com\/wp-content\/uploads\/2015\/02\/roteiros-dois-livrinhos-155x170.png 155w, https:\/\/lalarebelo.dreamhosters.com\/wp-content\/uploads\/2015\/02\/roteiros-dois-livrinhos.png 427w\" sizes=\"auto, (max-width: 300px) 100vw, 300px\" \/>Monto um roteiro personalizado com todas\u00a0as informac\u0327o\u0303es necessa\u0301rias para voce\u0302 fechar a sua viagem. Meus roteiros s\u00e3o<span class=\"s1\">\u00a0100% personalizados, confeccionados exclusivamente para cada solicitante, de acordo com suas respostas a um question\u00e1rio enviado (conforme destino, datas, estilo dos viajantes, gostos pessoais, objetivos e or\u00e7amento dispon\u00edvel).<\/p>\n<p><\/span><span style=\"line-height: 1.5;\">Al\u00e9m do question\u00e1rio, trocamos muitas mensagens por e-mail (tudo muito pessoal), <\/span><span style=\"line-height: 1.5;\">sendo\u00a0<\/span><span style=\"line-height: 1.5;\">poss\u00edvel conhecer um pouquinho mais do viajante e, assim, elaborar um roteiro que encaixe perfeitamente \u00e0s expectativas, tornando a experi\u00eancia ainda mais \u00fanica e inesquec\u00edvel.<\/p>\n<p><\/span>Ap\u00f3s contratar o meu servi\u00e7o, em alguns dias voce\u0302 recebera\u0301 um roteiro completi\u0301ssimo ajustado ao seu perfil, com as melhores opc\u0327o\u0303es de passagens na data, hote\u0301is pre\u0301-selecionados, ingressos\u00a0para comprar previamente e onde compra\u0301-los, dicas de restaurantes e contatos para\u00a0reservas, passeios para cada dia e muito mais. Tudo certinho e com os links dos sites. E\u0301 so\u0301 ir clicando e reservando. Fa\u0301cil, na\u0303o?<\/p>\n<p>Alguns destinos sa\u0303o para &#8220;uma vez na vida&#8221;, por isso quero te ajudar a viver\u00a0ao ma\u0301ximo cada oportunidade de estar em um novo pai\u0301s.<\/p>\n<p>Para mais informa\u00e7\u00f5es sobre o servi\u00e7o de consultoria, escreva para\u00a0<a href=\"mailto:hello@lalarebelo.com\" target=\"_blank\">hello@lalarebelo.com<\/a>.<\/p>\n","protected":false},"excerpt":{"rendered":"<p>Est\u00e1 precisando de uma forcinha para organizar sua pro\u0301xima viagem?\u00a0Eu posso te ajudar! Monto um roteiro personalizado com todas\u00a0as informac\u0327o\u0303es necessa\u0301rias para voce\u0302 fechar a [&hellip;]<\/p>\n","protected":false},"author":1,"featured_media":0,"parent":0,"menu_order":0,"comment_status":"closed","ping_status":"closed","template":"page-full-width.php","meta":{"footnotes":""},"class_list":["post-109","page","type-page","status-publish","hentry"],"_links":{"self":[{"href":"https:\/\/lalarebelo.dreamhosters.com\/en\/wp-json\/wp\/v2\/pages\/109\/"}],"collection":[{"href":"https:\/\/lalarebelo.dreamhosters.com\/en\/wp-json\/wp\/v2\/pages\/"}],"about":[{"href":"https:\/\/lalarebelo.dreamhosters.com\/en\/wp-json\/wp\/v2\/types\/page\/"}],"author":[{"embeddable":true,"href":"https:\/\/lalarebelo.dreamhosters.com\/en\/wp-json\/wp\/v2\/users\/1\/"}],"replies":[{"embeddable":true,"href":"https:\/\/lalarebelo.dreamhosters.com\/en\/wp-json\/wp\/v2\/comments\/?post=109"}],"version-history":[{"count":9,"href":"https:\/\/lalarebelo.dreamhosters.com\/en\/wp-json\/wp\/v2\/pages\/109\/revisions\/"}],"predecessor-version":[{"id":16060,"href":"https:\/\/lalarebelo.dreamhosters.com\/en\/wp-json\/wp\/v2\/pages\/109\/revisions\/16060\/"}],"wp:attachment":[{"href":"https:\/\/lalarebelo.dreamhosters.com\/en\/wp-json\/wp\/v2\/media\/?parent=109"}],"curies":[{"name":"wp","href":"https:\/\/api.w.org\/{rel}","templated":true}]}}